{"id":2300,"date":"2025-02-15T17:22:35","date_gmt":"2025-02-15T17:22:35","guid":{"rendered":"https:\/\/digitalworks.ro\/?page_id=2300"},"modified":"2025-06-06T13:11:05","modified_gmt":"2025-06-06T13:11:05","slug":"contact","status":"publish","type":"page","link":"https:\/\/digitalworks.ro\/index.php\/contact\/","title":{"rendered":"Contact"},"content":{"rendered":"\r\n<div class=\"wp-block-columns is-layout-flex wp-container-core-columns-is-layout-9d6595d7 wp-block-columns-is-layout-flex\">\r\n<div class=\"wp-block-column is-layout-flow wp-block-column-is-layout-flow\">\r\n<div class=\"wp-block-jetpack-contact-info\">\r\n<div>DIGITALWORKS CLUJ\u00a0<\/div>\r\n<div class=\"wp-block-jetpack-email\">EMAIL: <a href=\"mailto:office@digitalworks.ro\">office@digitalworks.ro<\/a><\/div>\r\n\r\n\r\n\r\n<div class=\"wp-block-jetpack-phone\"><span class=\"phone-prefix\">TELEFON: <\/span><a href=\"tel:0727962894\">0727 962 894<\/a><\/div>\r\n\r\n\r\n\r\n<div class=\"wp-block-jetpack-address\">\r\n<div class=\"jetpack-address__address jetpack-address__address1\">ADRESA: Str. C-tin Brancoveanu, Nr.60<\/div>\r\n<div class=\"jetpack-address__address jetpack-address__address1\">\u00a0 \u00a0 \u00a0 \u00a0 \u00a0 \u00a0 \u00a0 \u00a0 Cluj-Napoca, 400467, Romania.<\/div>\r\n<div class=\"jetpack-address__address jetpack-address__address3\">\u00a0<\/div>\r\n<\/div>\r\n<\/div>\r\n<\/div>\r\n\r\n\r\n\r\n<div class=\"wp-block-column is-layout-flow wp-block-column-is-layout-flow\">\n<div class=\"wpcf7 no-js\" id=\"wpcf7-f1041-o1\" lang=\"en-US\" dir=\"ltr\" data-wpcf7-id=\"1041\">\n<div class=\"screen-reader-response\"><p role=\"status\" aria-live=\"polite\" aria-atomic=\"true\"><\/p> <ul><\/ul><\/div>\n<form action=\"\/index.php\/wp-json\/wp\/v2\/pages\/2300#wpcf7-f1041-o1\" method=\"post\" class=\"wpcf7-form init\" aria-label=\"Contact form\" novalidate=\"novalidate\" data-status=\"init\">\n<fieldset class=\"hidden-fields-container\"><input type=\"hidden\" name=\"_wpcf7\" value=\"1041\" \/><input type=\"hidden\" name=\"_wpcf7_version\" value=\"6.1.4\" \/><input type=\"hidden\" name=\"_wpcf7_locale\" value=\"en_US\" \/><input type=\"hidden\" name=\"_wpcf7_unit_tag\" value=\"wpcf7-f1041-o1\" \/><input type=\"hidden\" name=\"_wpcf7_container_post\" value=\"0\" \/><input type=\"hidden\" name=\"_wpcf7_posted_data_hash\" value=\"\" \/>\n<\/fieldset>\n<p><label> Nume Prenume<br \/>\n<span class=\"wpcf7-form-control-wrap\" data-name=\"your-name\"><input size=\"40\" maxlength=\"400\" class=\"wpcf7-form-control wpcf7-text wpcf7-validates-as-required\" aria-required=\"true\" aria-invalid=\"false\" value=\"\" type=\"text\" name=\"your-name\" \/><\/span> <\/label>\n<\/p>\n<p><label> Companie<br \/>\n<span class=\"wpcf7-form-control-wrap\" data-name=\"your-company\"><input size=\"40\" maxlength=\"400\" class=\"wpcf7-form-control wpcf7-text wpcf7-validates-as-required\" aria-required=\"true\" aria-invalid=\"false\" value=\"\" type=\"text\" name=\"your-company\" \/><\/span> <\/label>\n<\/p>\n<p><label> Email<br \/>\n<span class=\"wpcf7-form-control-wrap\" data-name=\"your-email\"><input size=\"40\" maxlength=\"400\" class=\"wpcf7-form-control wpcf7-email wpcf7-validates-as-required wpcf7-text wpcf7-validates-as-email\" aria-required=\"true\" aria-invalid=\"false\" value=\"\" type=\"email\" name=\"your-email\" \/><\/span> <\/label>\n<\/p>\n<p><label> Subiect<br \/>\n<span class=\"wpcf7-form-control-wrap\" data-name=\"your-subject\"><input size=\"40\" maxlength=\"400\" class=\"wpcf7-form-control wpcf7-text wpcf7-validates-as-required\" aria-required=\"true\" aria-invalid=\"false\" value=\"\" type=\"text\" name=\"your-subject\" \/><\/span> <\/label>\n<\/p>\n<p><label> Mesaj<br \/>\n<span class=\"wpcf7-form-control-wrap\" data-name=\"your-message\"><textarea cols=\"40\" rows=\"10\" maxlength=\"2000\" class=\"wpcf7-form-control wpcf7-textarea\" aria-invalid=\"false\" name=\"your-message\"><\/textarea><\/span> <\/label>\n<\/p>\n<body>\n\t<p><div id=\"cf7sr-69f6207cca1fa\" class=\"cf7sr-g-recaptcha\" data-theme=\"dark\" data-type=\"image\" data-size=\"normal\" data-sitekey=\"6Lcz5AgrAAAAAO7RDJk4kcPDbHLFxA8tEC7kJz3R\"><\/div><span class=\"wpcf7-form-control-wrap cf7sr-recaptcha\" data-name=\"cf7sr-recaptcha\"><input type=\"hidden\" name=\"cf7sr-recaptcha\" value=\"\" class=\"wpcf7-form-control\"><\/span>\n\t<\/p>\n\t<p><input class=\"wpcf7-form-control wpcf7-submit has-spinner\" type=\"submit\" value=\"Trimite\" \/>\n\t<\/p>\n<\/body><p style=\"display: none !important;\" class=\"akismet-fields-container\" data-prefix=\"_wpcf7_ak_\"><label>&#916;<textarea name=\"_wpcf7_ak_hp_textarea\" cols=\"45\" rows=\"8\" maxlength=\"100\"><\/textarea><\/label><input type=\"hidden\" id=\"ak_js_1\" name=\"_wpcf7_ak_js\" value=\"224\"\/><script data-jetpack-boost=\"ignore\">document.getElementById( \"ak_js_1\" ).setAttribute( \"value\", ( new Date() ).getTime() );<\/script><\/p><div class=\"wpcf7-response-output\" aria-hidden=\"true\"><\/div>\n<\/form>\n<\/div>\n\n<\/div>\r\n<\/div>\r\n","protected":false},"excerpt":{"rendered":"","protected":false},"author":1,"featured_media":0,"parent":0,"menu_order":0,"comment_status":"closed","ping_status":"closed","template":"elementor_theme","meta":{"om_disable_all_campaigns":false,"footnotes":""},"class_list":["post-2300","page","type-page","status-publish","hentry"],"aioseo_notices":[],"jetpack-related-posts":[{"id":2304,"url":"https:\/\/digitalworks.ro\/index.php\/proiecte-webdesign\/","url_meta":{"origin":2300,"position":0},"title":"Proiecte","author":"admin","date":"February 15, 2025","format":false,"excerpt":"Servicii complete de creare site web, webdesign \u0219i branding pentru orice tip de afacere. Webdesign Cluj - Creare site Web -DigitalWorks Cluj\u00a0 Digitalworks Cluj:\u00a0 Partenerul T\u0103u pentru o prezen\u021b\u0103 online puternic\u0103 \u0219i personalizat\u0103. \u00cen peisajul digital de ast\u0103zi, o prezen\u021b\u0103 online puternic\u0103 \u0219i bine definit\u0103 nu este doar un avantaj,\u2026","rel":"","context":"Similar post","block_context":{"text":"Similar post","link":""},"img":{"alt_text":"honeyhouse website screenshot","src":"https:\/\/i0.wp.com\/digitalworks.ro\/wp-content\/uploads\/2022\/06\/honeyhousemieredealbine.jpg?resize=350%2C200&ssl=1","width":350,"height":200,"srcset":"https:\/\/i0.wp.com\/digitalworks.ro\/wp-content\/uploads\/2022\/06\/honeyhousemieredealbine.jpg?resize=350%2C200&ssl=1 1x, https:\/\/i0.wp.com\/digitalworks.ro\/wp-content\/uploads\/2022\/06\/honeyhousemieredealbine.jpg?resize=525%2C300&ssl=1 1.5x, https:\/\/i0.wp.com\/digitalworks.ro\/wp-content\/uploads\/2022\/06\/honeyhousemieredealbine.jpg?resize=700%2C400&ssl=1 2x, https:\/\/i0.wp.com\/digitalworks.ro\/wp-content\/uploads\/2022\/06\/honeyhousemieredealbine.jpg?resize=1050%2C600&ssl=1 3x, https:\/\/i0.wp.com\/digitalworks.ro\/wp-content\/uploads\/2022\/06\/honeyhousemieredealbine.jpg?resize=1400%2C800&ssl=1 4x"},"classes":[]},{"id":307,"url":"https:\/\/digitalworks.ro\/index.php\/despre-noi\/","url_meta":{"origin":2300,"position":1},"title":"Despre noi","author":"admin","date":"April 3, 2019","format":false,"excerpt":"Echipa DigitalWorks Cluj Echipa noastr\u0103 t\u00e2n\u0103r\u0103 \u0219i dinamic\u0103 Digitalworks Cluj este partenerul ideal \u00een crearea unei prezen\u021be online puternice pentru afacerea ta.\u00a0Oferim solu\u021bii complete de branding \u0219i web design, creare site, adaptate perfect at\u00e2t start-up-urilor ambi\u021bioase, c\u00e2t \u0219i afacerilor mici \u0219i mijlocii \u00een dezvoltare, dar \u0219i corpora\u021biilor mari consolidate.\u00a0Misiunea noastr\u0103\u2026","rel":"","context":"Similar post","block_context":{"text":"Similar post","link":""},"img":{"alt_text":"","src":"https:\/\/i0.wp.com\/digitalworks.ro\/wp-content\/uploads\/2025\/04\/webdesign-12-1024x683.png?resize=350%2C200&ssl=1","width":350,"height":200,"srcset":"https:\/\/i0.wp.com\/digitalworks.ro\/wp-content\/uploads\/2025\/04\/webdesign-12-1024x683.png?resize=350%2C200&ssl=1 1x, https:\/\/i0.wp.com\/digitalworks.ro\/wp-content\/uploads\/2025\/04\/webdesign-12-1024x683.png?resize=525%2C300&ssl=1 1.5x"},"classes":[]},{"id":2264,"url":"https:\/\/digitalworks.ro\/","url_meta":{"origin":2300,"position":2},"title":"Home","author":"admin","date":"February 15, 2025","format":false,"excerpt":"","rel":"","context":"Similar post","block_context":{"text":"Similar post","link":""},"img":{"alt_text":"","src":"","width":0,"height":0},"classes":[]},{"id":2928,"url":"https:\/\/digitalworks.ro\/index.php\/blog\/","url_meta":{"origin":2300,"position":3},"title":"Blog","author":"admin","date":"June 5, 2025","format":false,"excerpt":"Pe acest\u00a0blog de web design, ne propunem s\u0103 explor\u0103m \u00eempreun\u0103 toate fa\u021betele acestui domeniu dinamic \u0219i esen\u021bial. Un ghid complet dedicat oricui vrea s\u0103 \u00een\u021beleag\u0103 ce \u00eenseamn\u0103, de fapt, s\u0103 construie\u0219ti o imagine online memorabil\u0103.","rel":"","context":"Similar post","block_context":{"text":"Similar post","link":""},"img":{"alt_text":"","src":"","width":0,"height":0},"classes":[]}],"jetpack_sharing_enabled":true,"_links":{"self":[{"href":"https:\/\/digitalworks.ro\/index.php\/wp-json\/wp\/v2\/pages\/2300","targetHints":{"allow":["GET"]}}],"collection":[{"href":"https:\/\/digitalworks.ro\/index.php\/wp-json\/wp\/v2\/pages"}],"about":[{"href":"https:\/\/digitalworks.ro\/index.php\/wp-json\/wp\/v2\/types\/page"}],"author":[{"embeddable":true,"href":"https:\/\/digitalworks.ro\/index.php\/wp-json\/wp\/v2\/users\/1"}],"replies":[{"embeddable":true,"href":"https:\/\/digitalworks.ro\/index.php\/wp-json\/wp\/v2\/comments?post=2300"}],"version-history":[{"count":4,"href":"https:\/\/digitalworks.ro\/index.php\/wp-json\/wp\/v2\/pages\/2300\/revisions"}],"predecessor-version":[{"id":2972,"href":"https:\/\/digitalworks.ro\/index.php\/wp-json\/wp\/v2\/pages\/2300\/revisions\/2972"}],"wp:attachment":[{"href":"https:\/\/digitalworks.ro\/index.php\/wp-json\/wp\/v2\/media?parent=2300"}],"curies":[{"name":"wp","href":"https:\/\/api.w.org\/{rel}","templated":true}]}}