{"id":2304,"date":"2025-02-15T17:34:54","date_gmt":"2025-02-15T17:34:54","guid":{"rendered":"https:\/\/digitalworks.ro\/?page_id=2304"},"modified":"2025-06-06T13:25:27","modified_gmt":"2025-06-06T13:25:27","slug":"proiecte-webdesign","status":"publish","type":"page","link":"https:\/\/digitalworks.ro\/index.php\/proiecte-webdesign\/","title":{"rendered":"Proiecte"},"content":{"rendered":"\t\t<div data-elementor-type=\"wp-page\" data-elementor-id=\"2304\" class=\"elementor elementor-2304\">\n\t\t\t\t\t\t<section class=\"elementor-section elementor-top-section elementor-element elementor-element-d2384b5 elementor-section-boxed elementor-section-height-default elementor-section-height-default\" data-id=\"d2384b5\" data-element_type=\"section\" data-e-type=\"section\">\n\t\t\t\t\t\t<div class=\"elementor-container elementor-column-gap-default\">\n\t\t\t\t\t<div class=\"elementor-column elementor-col-100 elementor-top-column elementor-element elementor-element-35152ae\" data-id=\"35152ae\" data-element_type=\"column\" data-e-type=\"column\">\n\t\t\t<div class=\"elementor-widget-wrap elementor-element-populated\">\n\t\t\t\t\t\t<div class=\"elementor-element elementor-element-555d60f elementor-widget elementor-widget-heading\" data-id=\"555d60f\" data-element_type=\"widget\" data-e-type=\"widget\" data-widget_type=\"heading.default\">\n\t\t\t\t<div class=\"elementor-widget-container\">\n\t\t\t\t\t<h2 class=\"elementor-heading-title elementor-size-default\">Servicii complete de creare site web, webdesign \u0219i branding pentru orice tip de afacere.<\/h2>\t\t\t\t<\/div>\n\t\t\t\t<\/div>\n\t\t\t\t\t<\/div>\n\t\t<\/div>\n\t\t\t\t\t<\/div>\n\t\t<\/section>\n\t\t\t\t<section class=\"elementor-section elementor-top-section elementor-element elementor-element-f2f3b97 elementor-section-boxed elementor-section-height-default elementor-section-height-default\" data-id=\"f2f3b97\" data-element_type=\"section\" data-e-type=\"section\">\n\t\t\t\t\t\t<div class=\"elementor-container elementor-column-gap-default\">\n\t\t\t\t\t<div class=\"elementor-column elementor-col-100 elementor-top-column elementor-element elementor-element-5172c7e\" data-id=\"5172c7e\" data-element_type=\"column\" data-e-type=\"column\">\n\t\t\t<div class=\"elementor-widget-wrap elementor-element-populated\">\n\t\t\t\t\t\t<div class=\"elementor-element elementor-element-76b91bd elementor-widget elementor-widget-text-editor\" data-id=\"76b91bd\" data-element_type=\"widget\" data-e-type=\"widget\" data-widget_type=\"text-editor.default\">\n\t\t\t\t<div class=\"elementor-widget-container\">\n\t\t\t\t\t\t\t\t\t<h2>Webdesign Cluj &#8211; Creare site Web -DigitalWorks Cluj&nbsp;<\/h2>\n<p><strong>Digitalworks Cluj:&nbsp; Partenerul T\u0103u pentru o prezen\u021b\u0103 online puternic\u0103 \u0219i personalizat\u0103.<\/strong><\/p>\n<p>\u00cen peisajul digital de ast\u0103zi, o prezen\u021b\u0103 online puternic\u0103 \u0219i bine definit\u0103 nu este doar un avantaj, ci o necesitate absolut\u0103 pentru succesul oric\u0103rei afaceri.&nbsp;<span style=\"font-size: 1rem;\">La Digitalworks Cluj, \u00een\u021belegem perfect acest lucru, iar misiunea noastr\u0103 principal\u0103 este s\u0103 devenim partenerul de \u00eencredere al clien\u021bilor no\u0219tri \u00een mediul online.<\/span><\/p>\t\t\t\t\t\t\t\t<\/div>\n\t\t\t\t<\/div>\n\t\t\t\t\t<\/div>\n\t\t<\/div>\n\t\t\t\t\t<\/div>\n\t\t<\/section>\n\t\t\t\t<section class=\"elementor-section elementor-top-section elementor-element elementor-element-9f919cd elementor-section-boxed elementor-section-height-default elementor-section-height-default\" data-id=\"9f919cd\" data-element_type=\"section\" data-e-type=\"section\">\n\t\t\t\t\t\t<div class=\"elementor-container elementor-column-gap-default\">\n\t\t\t\t\t<div class=\"elementor-column elementor-col-100 elementor-top-column elementor-element elementor-element-9d9309b\" data-id=\"9d9309b\" data-element_type=\"column\" data-e-type=\"column\">\n\t\t\t<div class=\"elementor-widget-wrap elementor-element-populated\">\n\t\t\t\t\t\t<div class=\"elementor-element elementor-element-13ee1ba elementor-widget elementor-widget-spacer\" data-id=\"13ee1ba\" data-element_type=\"widget\" data-e-type=\"widget\" data-widget_type=\"spacer.default\">\n\t\t\t\t<div class=\"elementor-widget-container\">\n\t\t\t\t\t\t\t<div class=\"elementor-spacer\">\n\t\t\t<div class=\"elementor-spacer-inner\"><\/div>\n\t\t<\/div>\n\t\t\t\t\t\t<\/div>\n\t\t\t\t<\/div>\n\t\t\t\t\t<\/div>\n\t\t<\/div>\n\t\t\t\t\t<\/div>\n\t\t<\/section>\n\t\t\t\t<section class=\"elementor-section elementor-top-section elementor-element elementor-element-75f5dc9b elementor-section-boxed elementor-section-height-default elementor-section-height-default\" data-id=\"75f5dc9b\" data-element_type=\"section\" data-e-type=\"section\">\n\t\t\t\t\t\t<div class=\"elementor-container elementor-column-gap-default\">\n\t\t\t\t\t<div class=\"elementor-column elementor-col-100 elementor-top-column elementor-element elementor-element-5e49f4b6\" data-id=\"5e49f4b6\" data-element_type=\"column\" data-e-type=\"column\">\n\t\t\t<div class=\"elementor-widget-wrap elementor-element-populated\">\n\t\t\t\t\t\t<div class=\"elementor-element elementor-element-2ab58e7c elementor-widget elementor-widget-text-editor\" data-id=\"2ab58e7c\" data-element_type=\"widget\" data-e-type=\"widget\" data-widget_type=\"text-editor.default\">\n\t\t\t\t<div class=\"elementor-widget-container\">\n\t\t\t\t\t\t\t\t\t<figure><a href=\"https:\/\/foodiesnutrition.ro\">https:\/\/foodiesnutrition.ro<\/a><\/figure>\n<figure class=\"wp-block-image aligncenter size-large\"><a href=\"https:\/\/foodiesnutrition.ro\"><img fetchpriority=\"high\" decoding=\"async\" data-recalc-dims=\"1\" height=\"443\" width=\"1024\" class=\"wp-image-2345\" src=\"https:\/\/i0.wp.com\/digitalworks.ro\/wp-content\/uploads\/2025\/02\/Screenshot-2025-02-15-205424.png?resize=1024%2C443&#038;ssl=1\" alt=\"foodiesnutrition.ro website screenshot\" srcset=\"https:\/\/i0.wp.com\/digitalworks.ro\/wp-content\/uploads\/2025\/02\/Screenshot-2025-02-15-205424.png?w=1882&amp;ssl=1 1882w, https:\/\/i0.wp.com\/digitalworks.ro\/wp-content\/uploads\/2025\/02\/Screenshot-2025-02-15-205424.png?resize=300%2C130&amp;ssl=1 300w, https:\/\/i0.wp.com\/digitalworks.ro\/wp-content\/uploads\/2025\/02\/Screenshot-2025-02-15-205424.png?resize=1024%2C443&amp;ssl=1 1024w, https:\/\/i0.wp.com\/digitalworks.ro\/wp-content\/uploads\/2025\/02\/Screenshot-2025-02-15-205424.png?resize=768%2C332&amp;ssl=1 768w, https:\/\/i0.wp.com\/digitalworks.ro\/wp-content\/uploads\/2025\/02\/Screenshot-2025-02-15-205424.png?resize=1536%2C664&amp;ssl=1 1536w\" sizes=\"(max-width: 1000px) 100vw, 1000px\" \/><\/a><\/figure>\n<p><br \/><a href=\"https:\/\/honeyhouse.ro\">https:\/\/honeyhouse.ro<\/a><br \/><br \/><a href=\"https:\/\/honeyhouse.ro\"><img decoding=\"async\" data-recalc-dims=\"1\" height=\"469\" width=\"1024\" class=\"wp-image-1300\" src=\"https:\/\/i0.wp.com\/digitalworks.ro\/wp-content\/uploads\/2022\/06\/honeyhousemieredealbine.jpg?resize=1024%2C469&#038;ssl=1\" alt=\"honeyhouse.ro website screenshot\" srcset=\"https:\/\/i0.wp.com\/digitalworks.ro\/wp-content\/uploads\/2022\/06\/honeyhousemieredealbine.jpg?w=1708&amp;ssl=1 1708w, https:\/\/i0.wp.com\/digitalworks.ro\/wp-content\/uploads\/2022\/06\/honeyhousemieredealbine.jpg?resize=300%2C137&amp;ssl=1 300w, https:\/\/i0.wp.com\/digitalworks.ro\/wp-content\/uploads\/2022\/06\/honeyhousemieredealbine.jpg?resize=1024%2C469&amp;ssl=1 1024w, https:\/\/i0.wp.com\/digitalworks.ro\/wp-content\/uploads\/2022\/06\/honeyhousemieredealbine.jpg?resize=768%2C352&amp;ssl=1 768w, https:\/\/i0.wp.com\/digitalworks.ro\/wp-content\/uploads\/2022\/06\/honeyhousemieredealbine.jpg?resize=1536%2C703&amp;ssl=1 1536w, https:\/\/i0.wp.com\/digitalworks.ro\/wp-content\/uploads\/2022\/06\/honeyhousemieredealbine.jpg?resize=720%2C330&amp;ssl=1 720w\" sizes=\"(max-width: 1000px) 100vw, 1000px\" \/><\/a><\/p>\n<p><!-- \/wp:image --><!-- wp:image {\"lightbox\":{\"enabled\":false},\"id\":1300,\"sizeSlug\":\"large\",\"linkDestination\":\"custom\",\"align\":\"center\"} --><\/p>\n<figure class=\"wp-block-image aligncenter size-large\">\n<p>\u00a0<\/p>\n<a href=\"https:\/\/clauworks.ro\">https:\/\/clauworks.ro<\/a><br \/><br \/><a href=\"https:\/\/clauworks.ro\"><img decoding=\"async\" data-recalc-dims=\"1\" height=\"509\" width=\"1024\" class=\"wp-image-2192\" src=\"https:\/\/i0.wp.com\/digitalworks.ro\/wp-content\/uploads\/2023\/08\/clauworks.ro_.png?resize=1024%2C509&#038;ssl=1\" alt=\"clauworks.ro website screenshot\" srcset=\"https:\/\/i0.wp.com\/digitalworks.ro\/wp-content\/uploads\/2023\/08\/clauworks.ro_.png?w=1855&amp;ssl=1 1855w, https:\/\/i0.wp.com\/digitalworks.ro\/wp-content\/uploads\/2023\/08\/clauworks.ro_.png?resize=300%2C149&amp;ssl=1 300w, https:\/\/i0.wp.com\/digitalworks.ro\/wp-content\/uploads\/2023\/08\/clauworks.ro_.png?resize=1024%2C509&amp;ssl=1 1024w, https:\/\/i0.wp.com\/digitalworks.ro\/wp-content\/uploads\/2023\/08\/clauworks.ro_.png?resize=768%2C382&amp;ssl=1 768w, https:\/\/i0.wp.com\/digitalworks.ro\/wp-content\/uploads\/2023\/08\/clauworks.ro_.png?resize=1536%2C763&amp;ssl=1 1536w, https:\/\/i0.wp.com\/digitalworks.ro\/wp-content\/uploads\/2023\/08\/clauworks.ro_.png?resize=720%2C358&amp;ssl=1 720w\" sizes=\"(max-width: 1000px) 100vw, 1000px\" \/><\/a><\/figure>\n<p><!-- \/wp:image --><!-- wp:image {\"lightbox\":{\"enabled\":false},\"id\":2192,\"sizeSlug\":\"large\",\"linkDestination\":\"custom\",\"align\":\"center\"} --><\/p>\n<figure class=\"wp-block-image aligncenter size-large\">\n<p>\u00a0<\/p>\n<a href=\"https:\/\/eurogaz.ro\">https:\/\/eurogaz.ro<\/a><br \/><br \/><a href=\"https:\/\/eurogaz.ro\"><img loading=\"lazy\" decoding=\"async\" data-recalc-dims=\"1\" height=\"459\" width=\"1024\" class=\"wp-image-2342\" src=\"https:\/\/i0.wp.com\/digitalworks.ro\/wp-content\/uploads\/2025\/02\/Screenshot-2025-02-15-205028.png?resize=1024%2C459&#038;ssl=1\" alt=\"eurogaz.ro website screenshot\" srcset=\"https:\/\/i0.wp.com\/digitalworks.ro\/wp-content\/uploads\/2025\/02\/Screenshot-2025-02-15-205028.png?w=1900&amp;ssl=1 1900w, https:\/\/i0.wp.com\/digitalworks.ro\/wp-content\/uploads\/2025\/02\/Screenshot-2025-02-15-205028.png?resize=300%2C135&amp;ssl=1 300w, https:\/\/i0.wp.com\/digitalworks.ro\/wp-content\/uploads\/2025\/02\/Screenshot-2025-02-15-205028.png?resize=1024%2C459&amp;ssl=1 1024w, https:\/\/i0.wp.com\/digitalworks.ro\/wp-content\/uploads\/2025\/02\/Screenshot-2025-02-15-205028.png?resize=768%2C344&amp;ssl=1 768w, https:\/\/i0.wp.com\/digitalworks.ro\/wp-content\/uploads\/2025\/02\/Screenshot-2025-02-15-205028.png?resize=1536%2C689&amp;ssl=1 1536w\" sizes=\"(max-width: 1000px) 100vw, 1000px\" \/><\/a><\/figure>\n<p>\u00a0<\/p>\n<figure class=\"wp-block-image aligncenter size-large\"><a href=\"https:\/\/peletidinrumegus.ro\">https:\/\/peletidinrumegus.ro<\/a><\/figure>\n<p><!-- \/wp:columns --><!-- wp:image {\"lightbox\":{\"enabled\":false},\"id\":2341,\"sizeSlug\":\"large\",\"linkDestination\":\"custom\",\"align\":\"center\"} --><\/p>\n<figure class=\"wp-block-image aligncenter size-large\"><a href=\"https:\/\/peletidinrumegus.ro\"><img loading=\"lazy\" decoding=\"async\" data-recalc-dims=\"1\" height=\"467\" width=\"1024\" class=\"wp-image-2341\" src=\"https:\/\/i0.wp.com\/digitalworks.ro\/wp-content\/uploads\/2025\/02\/Screenshot-2025-02-15-204904.png?resize=1024%2C467&#038;ssl=1\" alt=\"peletidinrumegus.ro website screenshot\" srcset=\"https:\/\/i0.wp.com\/digitalworks.ro\/wp-content\/uploads\/2025\/02\/Screenshot-2025-02-15-204904.png?w=1881&amp;ssl=1 1881w, https:\/\/i0.wp.com\/digitalworks.ro\/wp-content\/uploads\/2025\/02\/Screenshot-2025-02-15-204904.png?resize=300%2C137&amp;ssl=1 300w, https:\/\/i0.wp.com\/digitalworks.ro\/wp-content\/uploads\/2025\/02\/Screenshot-2025-02-15-204904.png?resize=1024%2C467&amp;ssl=1 1024w, https:\/\/i0.wp.com\/digitalworks.ro\/wp-content\/uploads\/2025\/02\/Screenshot-2025-02-15-204904.png?resize=768%2C350&amp;ssl=1 768w, https:\/\/i0.wp.com\/digitalworks.ro\/wp-content\/uploads\/2025\/02\/Screenshot-2025-02-15-204904.png?resize=1536%2C701&amp;ssl=1 1536w\" sizes=\"(max-width: 1000px) 100vw, 1000px\" \/><\/a><\/figure>\n<p>\u00a0<\/p>\n<figure class=\"wp-block-image aligncenter size-large\"><a href=\"https:\/\/cosulderufe.ro\">https:\/\/cosulderufe.ro<\/a><\/figure>\n<p><!-- \/wp:image --><!-- wp:image {\"lightbox\":{\"enabled\":false},\"id\":2344,\"sizeSlug\":\"large\",\"linkDestination\":\"custom\",\"align\":\"center\"} --><\/p>\n<figure class=\"wp-block-image aligncenter size-large\"><a href=\"https:\/\/cosulderufe.ro\"><img loading=\"lazy\" decoding=\"async\" data-recalc-dims=\"1\" class=\"alignnone wp-image-2344\" src=\"https:\/\/i0.wp.com\/digitalworks.ro\/wp-content\/uploads\/2025\/02\/Screenshot-2025-02-15-205253.png?resize=1024%2C467&#038;ssl=1\" alt=\"cosulderufe.ro website screenshot\" width=\"1024\" height=\"467\" srcset=\"https:\/\/i0.wp.com\/digitalworks.ro\/wp-content\/uploads\/2025\/02\/Screenshot-2025-02-15-205253.png?w=1883&amp;ssl=1 1883w, https:\/\/i0.wp.com\/digitalworks.ro\/wp-content\/uploads\/2025\/02\/Screenshot-2025-02-15-205253.png?resize=300%2C137&amp;ssl=1 300w, https:\/\/i0.wp.com\/digitalworks.ro\/wp-content\/uploads\/2025\/02\/Screenshot-2025-02-15-205253.png?resize=1024%2C467&amp;ssl=1 1024w, https:\/\/i0.wp.com\/digitalworks.ro\/wp-content\/uploads\/2025\/02\/Screenshot-2025-02-15-205253.png?resize=768%2C350&amp;ssl=1 768w, https:\/\/i0.wp.com\/digitalworks.ro\/wp-content\/uploads\/2025\/02\/Screenshot-2025-02-15-205253.png?resize=1536%2C701&amp;ssl=1 1536w\" sizes=\"(max-width: 1000px) 100vw, 1000px\" \/><\/a>\n<figcaption class=\"wp-element-caption\"><mark class=\"has-inline-color has-vivid-red-color\" style=\"background-color: rgba(0, 0, 0, 0);\"><\/mark><\/figcaption>\n<\/figure>\n<p>\u00a0<\/p>\n<p><a href=\"https:\/\/mobsteeldesign.ro\">https:\/\/mobsteeldesign.ro<\/a><br \/><br \/><a href=\"https:\/\/mobsteeldesign.ro\"><img loading=\"lazy\" decoding=\"async\" data-recalc-dims=\"1\" height=\"446\" width=\"1024\" class=\"wp-image-2359\" src=\"https:\/\/i0.wp.com\/digitalworks.ro\/wp-content\/uploads\/2025\/02\/Screenshot-2025-02-15-211542.png?resize=1024%2C446&#038;ssl=1\" alt=\"mobsteeldesign.ro website screenshot\" srcset=\"https:\/\/i0.wp.com\/digitalworks.ro\/wp-content\/uploads\/2025\/02\/Screenshot-2025-02-15-211542.png?w=1880&amp;ssl=1 1880w, https:\/\/i0.wp.com\/digitalworks.ro\/wp-content\/uploads\/2025\/02\/Screenshot-2025-02-15-211542.png?resize=300%2C131&amp;ssl=1 300w, https:\/\/i0.wp.com\/digitalworks.ro\/wp-content\/uploads\/2025\/02\/Screenshot-2025-02-15-211542.png?resize=1024%2C446&amp;ssl=1 1024w, https:\/\/i0.wp.com\/digitalworks.ro\/wp-content\/uploads\/2025\/02\/Screenshot-2025-02-15-211542.png?resize=768%2C335&amp;ssl=1 768w, https:\/\/i0.wp.com\/digitalworks.ro\/wp-content\/uploads\/2025\/02\/Screenshot-2025-02-15-211542.png?resize=1536%2C669&amp;ssl=1 1536w\" sizes=\"(max-width: 1000px) 100vw, 1000px\" \/><\/a><\/p>\n<p><!-- \/wp:image --><!-- wp:image {\"lightbox\":{\"enabled\":false},\"id\":2359,\"sizeSlug\":\"large\",\"linkDestination\":\"custom\",\"align\":\"center\"} --><\/p>\n<figure class=\"wp-block-image aligncenter size-large\"><a href=\"https:\/\/tiaclean.ro\">https:\/\/tiaclean.ro<\/a><br \/><br \/><a href=\"https:\/\/tiaclean.ro\"><img loading=\"lazy\" decoding=\"async\" data-recalc-dims=\"1\" height=\"466\" width=\"1024\" class=\"wp-image-2521\" src=\"https:\/\/i0.wp.com\/digitalworks.ro\/wp-content\/uploads\/2025\/04\/Screenshot-2025-04-03-162616.png?resize=1024%2C466&#038;ssl=1\" alt=\"\" srcset=\"https:\/\/i0.wp.com\/digitalworks.ro\/wp-content\/uploads\/2025\/04\/Screenshot-2025-04-03-162616.png?w=1879&amp;ssl=1 1879w, https:\/\/i0.wp.com\/digitalworks.ro\/wp-content\/uploads\/2025\/04\/Screenshot-2025-04-03-162616.png?resize=300%2C137&amp;ssl=1 300w, https:\/\/i0.wp.com\/digitalworks.ro\/wp-content\/uploads\/2025\/04\/Screenshot-2025-04-03-162616.png?resize=1024%2C466&amp;ssl=1 1024w, https:\/\/i0.wp.com\/digitalworks.ro\/wp-content\/uploads\/2025\/04\/Screenshot-2025-04-03-162616.png?resize=768%2C350&amp;ssl=1 768w, https:\/\/i0.wp.com\/digitalworks.ro\/wp-content\/uploads\/2025\/04\/Screenshot-2025-04-03-162616.png?resize=1536%2C700&amp;ssl=1 1536w, https:\/\/i0.wp.com\/digitalworks.ro\/wp-content\/uploads\/2025\/04\/Screenshot-2025-04-03-162616.png?resize=18%2C8&amp;ssl=1 18w\" sizes=\"(max-width: 1000px) 100vw, 1000px\" \/><\/a><\/figure>\n<figure><\/figure>\n<p>\u00a0<\/p>\n<figure class=\"wp-block-image aligncenter size-large\"><a href=\"https:\/\/nacele-bistrita.ro\">https:\/\/nacele-bistrita.ro<\/a><\/figure>\n<p><!-- \/wp:image --><!-- wp:image {\"lightbox\":{\"enabled\":false},\"id\":2521,\"sizeSlug\":\"large\",\"linkDestination\":\"custom\",\"align\":\"center\"} --><\/p>\n<figure class=\"wp-block-image aligncenter size-large\"><a href=\"https:\/\/nacele-bistrita.ro\"><img loading=\"lazy\" decoding=\"async\" data-recalc-dims=\"1\" height=\"446\" width=\"1024\" class=\"wp-image-2524\" src=\"https:\/\/i0.wp.com\/digitalworks.ro\/wp-content\/uploads\/2025\/04\/Screenshot-2025-04-03-162744.png?resize=1024%2C446&#038;ssl=1\" alt=\"\" srcset=\"https:\/\/i0.wp.com\/digitalworks.ro\/wp-content\/uploads\/2025\/04\/Screenshot-2025-04-03-162744.png?w=1884&amp;ssl=1 1884w, https:\/\/i0.wp.com\/digitalworks.ro\/wp-content\/uploads\/2025\/04\/Screenshot-2025-04-03-162744.png?resize=300%2C131&amp;ssl=1 300w, https:\/\/i0.wp.com\/digitalworks.ro\/wp-content\/uploads\/2025\/04\/Screenshot-2025-04-03-162744.png?resize=1024%2C446&amp;ssl=1 1024w, https:\/\/i0.wp.com\/digitalworks.ro\/wp-content\/uploads\/2025\/04\/Screenshot-2025-04-03-162744.png?resize=768%2C334&amp;ssl=1 768w, https:\/\/i0.wp.com\/digitalworks.ro\/wp-content\/uploads\/2025\/04\/Screenshot-2025-04-03-162744.png?resize=1536%2C669&amp;ssl=1 1536w, https:\/\/i0.wp.com\/digitalworks.ro\/wp-content\/uploads\/2025\/04\/Screenshot-2025-04-03-162744.png?resize=18%2C8&amp;ssl=1 18w\" sizes=\"(max-width: 1000px) 100vw, 1000px\" \/><\/a><\/figure>\n<figure class=\"wp-block-image aligncenter size-large\">\n<p>\u00a0<\/p>\n<figcaption class=\"wp-element-caption\">\n<p>\u00a0<\/p>\n<a href=\"https:\/\/mentorwood.ro\">https:\/\/mentorwood.ro<\/a><\/figcaption>\n<\/figure>\n<p><a href=\"http:\/\/mentorwood.ro\"><img loading=\"lazy\" decoding=\"async\" data-recalc-dims=\"1\" class=\"alignnone wp-image-2796 size-large\" src=\"https:\/\/i0.wp.com\/digitalworks.ro\/wp-content\/uploads\/2025\/05\/Screenshot-2025-05-06-135154.png?resize=1024%2C471&#038;ssl=1\" alt=\"mentorwood\" width=\"1024\" height=\"471\" srcset=\"https:\/\/i0.wp.com\/digitalworks.ro\/wp-content\/uploads\/2025\/05\/Screenshot-2025-05-06-135154.png?w=1871&amp;ssl=1 1871w, https:\/\/i0.wp.com\/digitalworks.ro\/wp-content\/uploads\/2025\/05\/Screenshot-2025-05-06-135154.png?resize=300%2C138&amp;ssl=1 300w, https:\/\/i0.wp.com\/digitalworks.ro\/wp-content\/uploads\/2025\/05\/Screenshot-2025-05-06-135154.png?resize=1024%2C471&amp;ssl=1 1024w, https:\/\/i0.wp.com\/digitalworks.ro\/wp-content\/uploads\/2025\/05\/Screenshot-2025-05-06-135154.png?resize=768%2C353&amp;ssl=1 768w, https:\/\/i0.wp.com\/digitalworks.ro\/wp-content\/uploads\/2025\/05\/Screenshot-2025-05-06-135154.png?resize=1536%2C706&amp;ssl=1 1536w\" sizes=\"(max-width: 1000px) 100vw, 1000px\" \/><\/a><\/p>\n<p><br \/><!-- \/wp:image --><!-- wp:paragraph --><\/p>\n<p><a href=\"https:\/\/topbrichet.ro\">https:\/\/topbrichet.ro<\/a><\/p>\n<div id=\"attachment_2779\" style=\"width: 1034px\" class=\"wp-caption alignnone\"><a href=\"http:\/\/topbrichet.ro\"><img loading=\"lazy\" decoding=\"async\" aria-describedby=\"caption-attachment-2779\" data-recalc-dims=\"1\" class=\"wp-image-2779 size-large\" src=\"https:\/\/i0.wp.com\/digitalworks.ro\/wp-content\/uploads\/2025\/05\/Screenshot-2025-05-06-135210.png?resize=1024%2C464&#038;ssl=1\" alt=\"topbrichet\" width=\"1024\" height=\"464\" srcset=\"https:\/\/i0.wp.com\/digitalworks.ro\/wp-content\/uploads\/2025\/05\/Screenshot-2025-05-06-135210.png?w=1894&amp;ssl=1 1894w, https:\/\/i0.wp.com\/digitalworks.ro\/wp-content\/uploads\/2025\/05\/Screenshot-2025-05-06-135210.png?resize=300%2C136&amp;ssl=1 300w, https:\/\/i0.wp.com\/digitalworks.ro\/wp-content\/uploads\/2025\/05\/Screenshot-2025-05-06-135210.png?resize=1024%2C464&amp;ssl=1 1024w, https:\/\/i0.wp.com\/digitalworks.ro\/wp-content\/uploads\/2025\/05\/Screenshot-2025-05-06-135210.png?resize=768%2C348&amp;ssl=1 768w, https:\/\/i0.wp.com\/digitalworks.ro\/wp-content\/uploads\/2025\/05\/Screenshot-2025-05-06-135210.png?resize=1536%2C696&amp;ssl=1 1536w\" sizes=\"(max-width: 1000px) 100vw, 1000px\" \/><\/a><p id=\"caption-attachment-2779\" class=\"wp-caption-text\">\u00a0<\/p><\/div>\n<p><!-- \/wp:paragraph --><\/p>\t\t\t\t\t\t\t\t<\/div>\n\t\t\t\t<\/div>\n\t\t\t\t\t<\/div>\n\t\t<\/div>\n\t\t\t\t\t<\/div>\n\t\t<\/section>\n\t\t\t\t<\/div>\n\t\t","protected":false},"excerpt":{"rendered":"<p>Servicii complete de creare site web, webdesign \u0219i branding pentru orice tip de afacere. Webdesign Cluj &#8211; Creare site Web -DigitalWorks Cluj&nbsp; Digitalworks Cluj:&nbsp; Partenerul T\u0103u pentru o prezen\u021b\u0103 online puternic\u0103 \u0219i personalizat\u0103. \u00cen peisajul digital de ast\u0103zi, o prezen\u021b\u0103 online puternic\u0103 \u0219i bine definit\u0103 nu este doar un avantaj, ci o necesitate absolut\u0103 pentru [&hellip;]<\/p>\n","protected":false},"author":1,"featured_media":0,"parent":0,"menu_order":0,"comment_status":"closed","ping_status":"closed","template":"","meta":{"om_disable_all_campaigns":false,"footnotes":""},"class_list":["post-2304","page","type-page","status-publish","hentry"],"aioseo_notices":[],"jetpack-related-posts":[{"id":307,"url":"https:\/\/digitalworks.ro\/index.php\/despre-noi\/","url_meta":{"origin":2304,"position":0},"title":"Despre noi","author":"admin","date":"April 3, 2019","format":false,"excerpt":"Echipa DigitalWorks Cluj Echipa noastr\u0103 t\u00e2n\u0103r\u0103 \u0219i dinamic\u0103 Digitalworks Cluj este partenerul ideal \u00een crearea unei prezen\u021be online puternice pentru afacerea ta.\u00a0Oferim solu\u021bii complete de branding \u0219i web design, creare site, adaptate perfect at\u00e2t start-up-urilor ambi\u021bioase, c\u00e2t \u0219i afacerilor mici \u0219i mijlocii \u00een dezvoltare, dar \u0219i corpora\u021biilor mari consolidate.\u00a0Misiunea noastr\u0103\u2026","rel":"","context":"Similar post","block_context":{"text":"Similar post","link":""},"img":{"alt_text":"","src":"https:\/\/i0.wp.com\/digitalworks.ro\/wp-content\/uploads\/2025\/04\/webdesign-12-1024x683.png?resize=350%2C200&ssl=1","width":350,"height":200,"srcset":"https:\/\/i0.wp.com\/digitalworks.ro\/wp-content\/uploads\/2025\/04\/webdesign-12-1024x683.png?resize=350%2C200&ssl=1 1x, https:\/\/i0.wp.com\/digitalworks.ro\/wp-content\/uploads\/2025\/04\/webdesign-12-1024x683.png?resize=525%2C300&ssl=1 1.5x"},"classes":[]},{"id":2300,"url":"https:\/\/digitalworks.ro\/index.php\/contact\/","url_meta":{"origin":2304,"position":1},"title":"Contact","author":"admin","date":"February 15, 2025","format":false,"excerpt":"DIGITALWORKS CLUJ\u00a0 EMAIL: office@digitalworks.ro TELEFON: 0727 962 894 ADRESA: Str. C-tin Brancoveanu, Nr.60 \u00a0 \u00a0 \u00a0 \u00a0 \u00a0 \u00a0 \u00a0 \u00a0 Cluj-Napoca, 400467, Romania. \u00a0","rel":"","context":"Similar post","block_context":{"text":"Similar post","link":""},"img":{"alt_text":"","src":"","width":0,"height":0},"classes":[]},{"id":2928,"url":"https:\/\/digitalworks.ro\/index.php\/blog\/","url_meta":{"origin":2304,"position":2},"title":"Blog","author":"admin","date":"June 5, 2025","format":false,"excerpt":"Pe acest\u00a0blog de web design, ne propunem s\u0103 explor\u0103m \u00eempreun\u0103 toate fa\u021betele acestui domeniu dinamic \u0219i esen\u021bial. Un ghid complet dedicat oricui vrea s\u0103 \u00een\u021beleag\u0103 ce \u00eenseamn\u0103, de fapt, s\u0103 construie\u0219ti o imagine online memorabil\u0103.","rel":"","context":"Similar post","block_context":{"text":"Similar post","link":""},"img":{"alt_text":"","src":"","width":0,"height":0},"classes":[]}],"jetpack_sharing_enabled":true,"_links":{"self":[{"href":"https:\/\/digitalworks.ro\/index.php\/wp-json\/wp\/v2\/pages\/2304","targetHints":{"allow":["GET"]}}],"collection":[{"href":"https:\/\/digitalworks.ro\/index.php\/wp-json\/wp\/v2\/pages"}],"about":[{"href":"https:\/\/digitalworks.ro\/index.php\/wp-json\/wp\/v2\/types\/page"}],"author":[{"embeddable":true,"href":"https:\/\/digitalworks.ro\/index.php\/wp-json\/wp\/v2\/users\/1"}],"replies":[{"embeddable":true,"href":"https:\/\/digitalworks.ro\/index.php\/wp-json\/wp\/v2\/comments?post=2304"}],"version-history":[{"count":3,"href":"https:\/\/digitalworks.ro\/index.php\/wp-json\/wp\/v2\/pages\/2304\/revisions"}],"predecessor-version":[{"id":2980,"href":"https:\/\/digitalworks.ro\/index.php\/wp-json\/wp\/v2\/pages\/2304\/revisions\/2980"}],"wp:attachment":[{"href":"https:\/\/digitalworks.ro\/index.php\/wp-json\/wp\/v2\/media?parent=2304"}],"curies":[{"name":"wp","href":"https:\/\/api.w.org\/{rel}","templated":true}]}}