{"id":307,"date":"2019-04-03T12:51:18","date_gmt":"2019-04-03T12:51:18","guid":{"rendered":"http:\/\/demo.athemes.com\/airi-business2\/?page_id=307"},"modified":"2025-06-04T16:49:07","modified_gmt":"2025-06-04T16:49:07","slug":"despre-noi","status":"publish","type":"page","link":"https:\/\/digitalworks.ro\/index.php\/despre-noi\/","title":{"rendered":"Despre noi"},"content":{"rendered":"\t\t<div data-elementor-type=\"wp-post\" data-elementor-id=\"307\" class=\"elementor elementor-307\">\n\t\t\t\t\t\t<section class=\"elementor-section elementor-top-section elementor-element elementor-element-4ec4f087 elementor-section-boxed elementor-section-height-default elementor-section-height-default\" data-id=\"4ec4f087\" data-element_type=\"section\" data-e-type=\"section\">\n\t\t\t\t\t\t<div class=\"elementor-container elementor-column-gap-default\">\n\t\t\t\t\t<div class=\"elementor-column elementor-col-100 elementor-top-column elementor-element elementor-element-e4f38e1\" data-id=\"e4f38e1\" data-element_type=\"column\" data-e-type=\"column\">\n\t\t\t<div class=\"elementor-widget-wrap elementor-element-populated\">\n\t\t\t\t\t\t<div class=\"elementor-element elementor-element-f335fe4 elementor-widget elementor-widget-heading\" data-id=\"f335fe4\" data-element_type=\"widget\" data-e-type=\"widget\" data-widget_type=\"heading.default\">\n\t\t\t\t<div class=\"elementor-widget-container\">\n\t\t\t\t\t<h2 class=\"elementor-heading-title elementor-size-default\">Echipa DigitalWorks Cluj<\/h2>\t\t\t\t<\/div>\n\t\t\t\t<\/div>\n\t\t\t\t\t<\/div>\n\t\t<\/div>\n\t\t\t\t\t<\/div>\n\t\t<\/section>\n\t\t\t\t<section class=\"elementor-section elementor-top-section elementor-element elementor-element-f80d7cb elementor-section-boxed elementor-section-height-default elementor-section-height-default\" data-id=\"f80d7cb\" data-element_type=\"section\" data-e-type=\"section\">\n\t\t\t\t\t\t\t<div class=\"elementor-background-overlay\"><\/div>\n\t\t\t\t\t\t\t<div class=\"elementor-container elementor-column-gap-default\">\n\t\t\t\t\t<div class=\"elementor-column elementor-col-100 elementor-top-column elementor-element elementor-element-cca88f8\" data-id=\"cca88f8\" data-element_type=\"column\" data-e-type=\"column\">\n\t\t\t<div class=\"elementor-widget-wrap elementor-element-populated\">\n\t\t\t\t\t\t<div class=\"elementor-element elementor-element-59aaf0c elementor-widget elementor-widget-text-editor\" data-id=\"59aaf0c\" data-element_type=\"widget\" data-e-type=\"widget\" data-widget_type=\"text-editor.default\">\n\t\t\t\t<div class=\"elementor-widget-container\">\n\t\t\t\t\t\t\t\t\t<p><img fetchpriority=\"high\" decoding=\"async\" data-recalc-dims=\"1\" class=\"aligncenter\" src=\"https:\/\/i0.wp.com\/digitalworks.ro\/wp-content\/uploads\/2025\/04\/webdesign-12.png?resize=564%2C376&#038;ssl=1\" alt=\"\" width=\"564\" height=\"376\"><\/p>\n<p>Echipa noastr\u0103 t\u00e2n\u0103r\u0103 \u0219i dinamic\u0103 Digitalworks Cluj este partenerul ideal \u00een crearea unei prezen\u021be online puternice pentru afacerea ta.&nbsp;<br><span style=\"font-size: 1rem;\">Oferim solu\u021bii complete de branding \u0219i web design, creare site, adaptate perfect at\u00e2t start-up-urilor ambi\u021bioase, c\u00e2t \u0219i afacerilor mici \u0219i mijlocii \u00een dezvoltare, dar \u0219i corpora\u021biilor mari consolidate.<br>&nbsp;Misiunea noastr\u0103 este simpl\u0103: s\u0103 oferim servicii de web design de \u00eenalt\u0103 calitate, construind proiecte personalizate care s\u0103 reflecte identitatea unic\u0103 a brandului t\u0103u \u0219i s\u0103 ofere utilizatorilor o experien\u021b\u0103 online impecabil\u0103. <br>Indiferent de specificul afacerii tale, Digitalworks creeaz\u0103 \u0219i optimizeaz\u0103 website-uri care nu doar atrag aten\u021bia, ci \u0219i transform\u0103 vizitatorii \u00een clien\u021bi, ajut\u00e2ndu-te s\u0103 ob\u021bii o expunere maxim\u0103 pe internet \u0219i s\u0103 cre\u0219ti randamentul investi\u021biei tale.<\/span><\/p>\t\t\t\t\t\t\t\t<\/div>\n\t\t\t\t<\/div>\n\t\t\t\t\t<\/div>\n\t\t<\/div>\n\t\t\t\t\t<\/div>\n\t\t<\/section>\n\t\t\t\t<section class=\"elementor-section elementor-top-section elementor-element elementor-element-cec80ad elementor-section-boxed elementor-section-height-default elementor-section-height-default\" data-id=\"cec80ad\" data-element_type=\"section\" data-e-type=\"section\">\n\t\t\t\t\t\t<div class=\"elementor-container elementor-column-gap-default\">\n\t\t\t\t\t<div class=\"elementor-column elementor-col-100 elementor-top-column elementor-element elementor-element-2542fdc\" data-id=\"2542fdc\" data-element_type=\"column\" data-e-type=\"column\">\n\t\t\t<div class=\"elementor-widget-wrap elementor-element-populated\">\n\t\t\t\t\t\t<div class=\"elementor-element elementor-element-9262499 elementor-widget elementor-widget-spacer\" data-id=\"9262499\" data-element_type=\"widget\" data-e-type=\"widget\" data-widget_type=\"spacer.default\">\n\t\t\t\t<div class=\"elementor-widget-container\">\n\t\t\t\t\t\t\t<div class=\"elementor-spacer\">\n\t\t\t<div class=\"elementor-spacer-inner\"><\/div>\n\t\t<\/div>\n\t\t\t\t\t\t<\/div>\n\t\t\t\t<\/div>\n\t\t\t\t\t<\/div>\n\t\t<\/div>\n\t\t\t\t\t<\/div>\n\t\t<\/section>\n\t\t\t\t<\/div>\n\t\t","protected":false},"excerpt":{"rendered":"<p>Echipa DigitalWorks Cluj Echipa noastr\u0103 t\u00e2n\u0103r\u0103 \u0219i dinamic\u0103 Digitalworks Cluj este partenerul ideal \u00een crearea unei prezen\u021be online puternice pentru afacerea ta.&nbsp;Oferim solu\u021bii complete de branding \u0219i web design, creare site, adaptate perfect at\u00e2t start-up-urilor ambi\u021bioase, c\u00e2t \u0219i afacerilor mici \u0219i mijlocii \u00een dezvoltare, dar \u0219i corpora\u021biilor mari consolidate.&nbsp;Misiunea noastr\u0103 este simpl\u0103: s\u0103 oferim servicii [&hellip;]<\/p>\n","protected":false},"author":1,"featured_media":0,"parent":0,"menu_order":0,"comment_status":"closed","ping_status":"closed","template":"","meta":{"om_disable_all_campaigns":false,"footnotes":""},"class_list":["post-307","page","type-page","status-publish","hentry"],"aioseo_notices":[],"jetpack-related-posts":[{"id":2304,"url":"https:\/\/digitalworks.ro\/index.php\/proiecte-webdesign\/","url_meta":{"origin":307,"position":0},"title":"Proiecte","author":"admin","date":"February 15, 2025","format":false,"excerpt":"Servicii complete de creare site web, webdesign \u0219i branding pentru orice tip de afacere. Webdesign Cluj - Creare site Web -DigitalWorks Cluj\u00a0 Digitalworks Cluj:\u00a0 Partenerul T\u0103u pentru o prezen\u021b\u0103 online puternic\u0103 \u0219i personalizat\u0103. \u00cen peisajul digital de ast\u0103zi, o prezen\u021b\u0103 online puternic\u0103 \u0219i bine definit\u0103 nu este doar un avantaj,\u2026","rel":"","context":"Similar post","block_context":{"text":"Similar post","link":""},"img":{"alt_text":"honeyhouse website screenshot","src":"https:\/\/i0.wp.com\/digitalworks.ro\/wp-content\/uploads\/2022\/06\/honeyhousemieredealbine.jpg?resize=350%2C200&ssl=1","width":350,"height":200,"srcset":"https:\/\/i0.wp.com\/digitalworks.ro\/wp-content\/uploads\/2022\/06\/honeyhousemieredealbine.jpg?resize=350%2C200&ssl=1 1x, https:\/\/i0.wp.com\/digitalworks.ro\/wp-content\/uploads\/2022\/06\/honeyhousemieredealbine.jpg?resize=525%2C300&ssl=1 1.5x, https:\/\/i0.wp.com\/digitalworks.ro\/wp-content\/uploads\/2022\/06\/honeyhousemieredealbine.jpg?resize=700%2C400&ssl=1 2x, https:\/\/i0.wp.com\/digitalworks.ro\/wp-content\/uploads\/2022\/06\/honeyhousemieredealbine.jpg?resize=1050%2C600&ssl=1 3x, https:\/\/i0.wp.com\/digitalworks.ro\/wp-content\/uploads\/2022\/06\/honeyhousemieredealbine.jpg?resize=1400%2C800&ssl=1 4x"},"classes":[]},{"id":2928,"url":"https:\/\/digitalworks.ro\/index.php\/blog\/","url_meta":{"origin":307,"position":1},"title":"Blog","author":"admin","date":"June 5, 2025","format":false,"excerpt":"Pe acest\u00a0blog de web design, ne propunem s\u0103 explor\u0103m \u00eempreun\u0103 toate fa\u021betele acestui domeniu dinamic \u0219i esen\u021bial. Un ghid complet dedicat oricui vrea s\u0103 \u00een\u021beleag\u0103 ce \u00eenseamn\u0103, de fapt, s\u0103 construie\u0219ti o imagine online memorabil\u0103.","rel":"","context":"Similar post","block_context":{"text":"Similar post","link":""},"img":{"alt_text":"","src":"","width":0,"height":0},"classes":[]},{"id":2300,"url":"https:\/\/digitalworks.ro\/index.php\/contact\/","url_meta":{"origin":307,"position":2},"title":"Contact","author":"admin","date":"February 15, 2025","format":false,"excerpt":"DIGITALWORKS CLUJ\u00a0 EMAIL: office@digitalworks.ro TELEFON: 0727 962 894 ADRESA: Str. C-tin Brancoveanu, Nr.60 \u00a0 \u00a0 \u00a0 \u00a0 \u00a0 \u00a0 \u00a0 \u00a0 Cluj-Napoca, 400467, Romania. \u00a0","rel":"","context":"Similar post","block_context":{"text":"Similar post","link":""},"img":{"alt_text":"","src":"","width":0,"height":0},"classes":[]}],"jetpack_sharing_enabled":true,"_links":{"self":[{"href":"https:\/\/digitalworks.ro\/index.php\/wp-json\/wp\/v2\/pages\/307","targetHints":{"allow":["GET"]}}],"collection":[{"href":"https:\/\/digitalworks.ro\/index.php\/wp-json\/wp\/v2\/pages"}],"about":[{"href":"https:\/\/digitalworks.ro\/index.php\/wp-json\/wp\/v2\/types\/page"}],"author":[{"embeddable":true,"href":"https:\/\/digitalworks.ro\/index.php\/wp-json\/wp\/v2\/users\/1"}],"replies":[{"embeddable":true,"href":"https:\/\/digitalworks.ro\/index.php\/wp-json\/wp\/v2\/comments?post=307"}],"version-history":[{"count":0,"href":"https:\/\/digitalworks.ro\/index.php\/wp-json\/wp\/v2\/pages\/307\/revisions"}],"wp:attachment":[{"href":"https:\/\/digitalworks.ro\/index.php\/wp-json\/wp\/v2\/media?parent=307"}],"curies":[{"name":"wp","href":"https:\/\/api.w.org\/{rel}","templated":true}]}}